{"id":8646,"date":"2019-01-11T08:44:18","date_gmt":"2019-01-11T07:44:18","guid":{"rendered":"https:\/\/komorhennel.hu\/kapcsolat\/"},"modified":"2022-04-25T13:27:28","modified_gmt":"2022-04-25T11:27:28","slug":"contact","status":"publish","type":"page","link":"https:\/\/komorhennel.hu\/en\/contact\/","title":{"rendered":"Contact"},"content":{"rendered":"\t\t<div data-elementor-type=\"wp-post\" data-elementor-id=\"8646\" class=\"elementor elementor-8646 elementor-4526\">\n\t\t\t\t\t\t<section class=\"elementor-section elementor-top-section elementor-element elementor-element-9e1c759 elementor-section-stretched elementor-section-full_width elementor-section-height-min-height elementor-section-items-top elementor-hidden-tablet elementor-hidden-phone elementor-section-height-default\" data-id=\"9e1c759\" data-element_type=\"section\" data-e-type=\"section\" data-settings=\"{&quot;stretch_section&quot;:&quot;section-stretched&quot;,&quot;background_background&quot;:&quot;classic&quot;}\">\n\t\t\t\t\t\t<div class=\"elementor-container elementor-column-gap-default\">\n\t\t\t\t\t<div class=\"elementor-column elementor-col-100 elementor-top-column elementor-element elementor-element-8c9b754\" data-id=\"8c9b754\" data-element_type=\"column\" data-e-type=\"column\" data-settings=\"{&quot;background_background&quot;:&quot;classic&quot;}\">\n\t\t\t<div class=\"elementor-widget-wrap elementor-element-populated\">\n\t\t\t\t\t\t<div class=\"elementor-element elementor-element-a89b705 elementor-widget elementor-widget-spacer\" data-id=\"a89b705\" data-element_type=\"widget\" data-e-type=\"widget\" data-widget_type=\"spacer.default\">\n\t\t\t\t<div class=\"elementor-widget-container\">\n\t\t\t\t\t\t\t<div class=\"elementor-spacer\">\n\t\t\t<div class=\"elementor-spacer-inner\"><\/div>\n\t\t<\/div>\n\t\t\t\t\t\t<\/div>\n\t\t\t\t<\/div>\n\t\t\t\t\t<\/div>\n\t\t<\/div>\n\t\t\t\t\t<\/div>\n\t\t<\/section>\n\t\t\t\t<section class=\"elementor-section elementor-top-section elementor-element elementor-element-5092732 elementor-section-stretched elementor-section-full_width elementor-section-height-min-height elementor-section-items-top elementor-section-content-top elementor-hidden-desktop elementor-hidden-phone elementor-section-height-default\" data-id=\"5092732\" data-element_type=\"section\" data-e-type=\"section\" data-settings=\"{&quot;stretch_section&quot;:&quot;section-stretched&quot;,&quot;background_background&quot;:&quot;classic&quot;}\">\n\t\t\t\t\t\t<div class=\"elementor-container elementor-column-gap-default\">\n\t\t\t\t\t<div class=\"elementor-column elementor-col-100 elementor-top-column elementor-element elementor-element-7f90db0\" data-id=\"7f90db0\" data-element_type=\"column\" data-e-type=\"column\" data-settings=\"{&quot;background_background&quot;:&quot;classic&quot;}\">\n\t\t\t<div class=\"elementor-widget-wrap elementor-element-populated\">\n\t\t\t\t\t\t<div class=\"elementor-element elementor-element-a1b3e2c elementor-widget elementor-widget-spacer\" data-id=\"a1b3e2c\" data-element_type=\"widget\" data-e-type=\"widget\" data-widget_type=\"spacer.default\">\n\t\t\t\t<div class=\"elementor-widget-container\">\n\t\t\t\t\t\t\t<div class=\"elementor-spacer\">\n\t\t\t<div class=\"elementor-spacer-inner\"><\/div>\n\t\t<\/div>\n\t\t\t\t\t\t<\/div>\n\t\t\t\t<\/div>\n\t\t\t\t\t<\/div>\n\t\t<\/div>\n\t\t\t\t\t<\/div>\n\t\t<\/section>\n\t\t\t\t<section class=\"elementor-section elementor-top-section elementor-element elementor-element-939c559 elementor-section-stretched elementor-section-full_width elementor-section-height-min-height elementor-section-items-top elementor-section-content-top elementor-hidden-desktop elementor-hidden-tablet elementor-section-height-default\" data-id=\"939c559\" data-element_type=\"section\" data-e-type=\"section\" data-settings=\"{&quot;stretch_section&quot;:&quot;section-stretched&quot;,&quot;background_background&quot;:&quot;classic&quot;}\">\n\t\t\t\t\t\t<div class=\"elementor-container elementor-column-gap-default\">\n\t\t\t\t\t<div class=\"elementor-column elementor-col-100 elementor-top-column elementor-element elementor-element-604e4a6\" data-id=\"604e4a6\" data-element_type=\"column\" data-e-type=\"column\" data-settings=\"{&quot;background_background&quot;:&quot;classic&quot;}\">\n\t\t\t<div class=\"elementor-widget-wrap elementor-element-populated\">\n\t\t\t\t\t\t<div class=\"elementor-element elementor-element-867ba3f elementor-widget elementor-widget-spacer\" data-id=\"867ba3f\" data-element_type=\"widget\" data-e-type=\"widget\" data-widget_type=\"spacer.default\">\n\t\t\t\t<div class=\"elementor-widget-container\">\n\t\t\t\t\t\t\t<div class=\"elementor-spacer\">\n\t\t\t<div class=\"elementor-spacer-inner\"><\/div>\n\t\t<\/div>\n\t\t\t\t\t\t<\/div>\n\t\t\t\t<\/div>\n\t\t\t\t\t<\/div>\n\t\t<\/div>\n\t\t\t\t\t<\/div>\n\t\t<\/section>\n\t\t\t\t<section class=\"elementor-section elementor-top-section elementor-element elementor-element-6fc175d elementor-section-boxed elementor-section-height-default elementor-section-height-default\" data-id=\"6fc175d\" data-element_type=\"section\" data-e-type=\"section\">\n\t\t\t\t\t\t<div class=\"elementor-container elementor-column-gap-default\">\n\t\t\t\t\t<div class=\"elementor-column elementor-col-100 elementor-top-column elementor-element elementor-element-e2500e3\" data-id=\"e2500e3\" data-element_type=\"column\" data-e-type=\"column\">\n\t\t\t<div class=\"elementor-widget-wrap elementor-element-populated\">\n\t\t\t\t\t\t<div class=\"elementor-element elementor-element-3388ef1 elementor-widget elementor-widget-spacer\" data-id=\"3388ef1\" data-element_type=\"widget\" data-e-type=\"widget\" data-widget_type=\"spacer.default\">\n\t\t\t\t<div class=\"elementor-widget-container\">\n\t\t\t\t\t\t\t<div class=\"elementor-spacer\">\n\t\t\t<div class=\"elementor-spacer-inner\"><\/div>\n\t\t<\/div>\n\t\t\t\t\t\t<\/div>\n\t\t\t\t<\/div>\n\t\t\t\t<div class=\"elementor-element elementor-element-915309b elementor-widget elementor-widget-heading\" data-id=\"915309b\" data-element_type=\"widget\" data-e-type=\"widget\" data-widget_type=\"heading.default\">\n\t\t\t\t<div class=\"elementor-widget-container\">\n\t\t\t\t\t<h2 class=\"elementor-heading-title elementor-size-default\">Komor Hennel Attorneys<\/h2>\t\t\t\t<\/div>\n\t\t\t\t<\/div>\n\t\t\t\t<div class=\"elementor-element elementor-element-cf7ef84 elementor-view-default elementor-widget elementor-widget-icon\" data-id=\"cf7ef84\" data-element_type=\"widget\" data-e-type=\"widget\" data-widget_type=\"icon.default\">\n\t\t\t\t<div class=\"elementor-widget-container\">\n\t\t\t\t\t\t\t<div class=\"elementor-icon-wrapper\">\n\t\t\t<div class=\"elementor-icon\">\n\t\t\t<i aria-hidden=\"true\" class=\"fas fa-map-marker-alt\"><\/i>\t\t\t<\/div>\n\t\t<\/div>\n\t\t\t\t\t\t<\/div>\n\t\t\t\t<\/div>\n\t\t\t\t<div class=\"elementor-element-custom_font_size elementor-element elementor-element-84232a5 elementor-widget elementor-widget-text-editor\" data-id=\"84232a5\" data-element_type=\"widget\" data-e-type=\"widget\" data-widget_type=\"text-editor.default\">\n\t\t\t\t<div class=\"elementor-widget-container\">\n\t\t\t\t\t\t\t\t\t<p>Roosevelt Irodah\u00e1z \u2013 House of Business \u2013 C1 Tower<\/p><p>H-1051 Budapest, Sz\u00e9chenyi Istv\u00e1n t\u00e9r 7-8.<\/p><p>Phone: +36 30 345 0191<br \/>Email: <a href=\"mailto:office@komorhennel.hu\">office@komorhennel.hu<\/a><br \/>Tax number: 19103417-2-41<br \/>Attorney\u2019s Registration Number at the Hungarian Bar Association: 36061440<br \/>Law Firm\u2019s Registration Number at the Budapest Bar Association: 4642<\/p>\t\t\t\t\t\t\t\t<\/div>\n\t\t\t\t<\/div>\n\t\t\t\t<div class=\"elementor-element elementor-element-3945a57 elementor-align-left elementor-widget elementor-widget-button\" data-id=\"3945a57\" data-element_type=\"widget\" data-e-type=\"widget\" data-widget_type=\"button.default\">\n\t\t\t\t<div class=\"elementor-widget-container\">\n\t\t\t\t\t\t\t\t\t<div class=\"elementor-button-wrapper\">\n\t\t\t\t\t<a class=\"elementor-button elementor-button-link elementor-size-lg\" href=\"mailto:office@komorhennel.hu\">\n\t\t\t\t\t\t<span class=\"elementor-button-content-wrapper\">\n\t\t\t\t\t\t\t\t\t<span class=\"elementor-button-text\">Send A Message<\/span>\n\t\t\t\t\t<\/span>\n\t\t\t\t\t<\/a>\n\t\t\t\t<\/div>\n\t\t\t\t\t\t\t\t<\/div>\n\t\t\t\t<\/div>\n\t\t\t\t\t<\/div>\n\t\t<\/div>\n\t\t\t\t\t<\/div>\n\t\t<\/section>\n\t\t\t\t<section class=\"elementor-section elementor-top-section elementor-element elementor-element-a234555 elementor-section-stretched elementor-section-full_width elementor-hidden-desktop elementor-hidden-tablet elementor-hidden-phone elementor-section-height-default elementor-section-height-default\" data-id=\"a234555\" data-element_type=\"section\" data-e-type=\"section\" data-settings=\"{&quot;stretch_section&quot;:&quot;section-stretched&quot;,&quot;background_background&quot;:&quot;classic&quot;}\">\n\t\t\t\t\t\t<div class=\"elementor-container elementor-column-gap-default\">\n\t\t\t\t\t<div class=\"elementor-column elementor-col-100 elementor-top-column elementor-element elementor-element-984c528\" data-id=\"984c528\" data-element_type=\"column\" data-e-type=\"column\">\n\t\t\t<div class=\"elementor-widget-wrap elementor-element-populated\">\n\t\t\t\t\t\t<section class=\"elementor-section elementor-inner-section elementor-element elementor-element-ef88a36 elementor-section-full_width elementor-section-height-default elementor-section-height-default\" data-id=\"ef88a36\" data-element_type=\"section\" data-e-type=\"section\">\n\t\t\t\t\t\t<div class=\"elementor-container elementor-column-gap-default\">\n\t\t\t\t\t<div class=\"elementor-column elementor-col-100 elementor-inner-column elementor-element elementor-element-4d3fc8a\" data-id=\"4d3fc8a\" data-element_type=\"column\" data-e-type=\"column\">\n\t\t\t<div class=\"elementor-widget-wrap elementor-element-populated\">\n\t\t\t\t\t\t<div class=\"elementor-element elementor-element-40db39e elementor-widget elementor-widget-text-editor\" data-id=\"40db39e\" data-element_type=\"widget\" data-e-type=\"widget\" data-widget_type=\"text-editor.default\">\n\t\t\t\t<div class=\"elementor-widget-container\">\n\t\t\t\t\t\t\t\t\t<div class=\"span12\"><div id=\"text-2\" class=\"widget gt3_widget widget_text\"><div class=\"textwidget\"><div align=\"center\"><img decoding=\"async\" class=\"alignnone wp-image-9105\" src=\"https:\/\/komorhennel.hu\/wp-content\/uploads\/2020\/04\/KHA_centered_blue.png\" alt=\"\" width=\"220\" height=\"125\" \/><\/div><div style=\"text-align: center;\" align=\"center\">\u00a0<\/div><\/div><\/div><\/div>\t\t\t\t\t\t\t\t<\/div>\n\t\t\t\t<\/div>\n\t\t\t\t\t<\/div>\n\t\t<\/div>\n\t\t\t\t\t<\/div>\n\t\t<\/section>\n\t\t\t\t<section class=\"elementor-section elementor-inner-section elementor-element elementor-element-942553d elementor-section-full_width elementor-section-height-default elementor-section-height-default\" data-id=\"942553d\" data-element_type=\"section\" data-e-type=\"section\">\n\t\t\t\t\t\t<div class=\"elementor-container elementor-column-gap-default\">\n\t\t\t\t\t<div class=\"elementor-column elementor-col-25 elementor-inner-column elementor-element elementor-element-0914369\" data-id=\"0914369\" data-element_type=\"column\" data-e-type=\"column\">\n\t\t\t<div class=\"elementor-widget-wrap\">\n\t\t\t\t\t\t\t<\/div>\n\t\t<\/div>\n\t\t\t\t<div class=\"elementor-column elementor-col-25 elementor-inner-column elementor-element elementor-element-4b9ea33\" data-id=\"4b9ea33\" data-element_type=\"column\" data-e-type=\"column\">\n\t\t\t<div class=\"elementor-widget-wrap elementor-element-populated\">\n\t\t\t\t\t\t<div class=\"elementor-element-custom_font_size elementor-element elementor-element-58afb38 elementor-widget elementor-widget-text-editor\" data-id=\"58afb38\" data-element_type=\"widget\" data-e-type=\"widget\" data-widget_type=\"text-editor.default\">\n\t\t\t\t<div class=\"elementor-widget-container\">\n\t\t\t\t\t\t\t\t\t<p><a href=\"https:\/\/komorhennel.hu\/adatkezelesi-tajekoztato\/\">Adatv\u00e9delmi ir\u00e1nyelvek<\/a><\/p>\t\t\t\t\t\t\t\t<\/div>\n\t\t\t\t<\/div>\n\t\t\t\t\t<\/div>\n\t\t<\/div>\n\t\t\t\t<div class=\"elementor-column elementor-col-25 elementor-inner-column elementor-element elementor-element-f2e3729\" data-id=\"f2e3729\" data-element_type=\"column\" data-e-type=\"column\">\n\t\t\t<div class=\"elementor-widget-wrap elementor-element-populated\">\n\t\t\t\t\t\t<div class=\"elementor-element-custom_font_size elementor-element elementor-element-f9ac3dc elementor-widget elementor-widget-text-editor\" data-id=\"f9ac3dc\" data-element_type=\"widget\" data-e-type=\"widget\" data-widget_type=\"text-editor.default\">\n\t\t\t\t<div class=\"elementor-widget-container\">\n\t\t\t\t\t\t\t\t\t<p style=\"text-align: right;\">\u00a9 2020 Komor Hennel Attorneys. All rights reserved.<\/p>\t\t\t\t\t\t\t\t<\/div>\n\t\t\t\t<\/div>\n\t\t\t\t\t<\/div>\n\t\t<\/div>\n\t\t\t\t<div class=\"elementor-column elementor-col-25 elementor-inner-column elementor-element elementor-element-90f1965\" data-id=\"90f1965\" data-element_type=\"column\" data-e-type=\"column\">\n\t\t\t<div class=\"elementor-widget-wrap\">\n\t\t\t\t\t\t\t<\/div>\n\t\t<\/div>\n\t\t\t\t\t<\/div>\n\t\t<\/section>\n\t\t\t\t\t<\/div>\n\t\t<\/div>\n\t\t\t\t\t<\/div>\n\t\t<\/section>\n\t\t\t\t<\/div>\n\t\t","protected":false},"excerpt":{"rendered":"<p>Komor Hennel Attorneys Roosevelt Irodah\u00e1z \u2013 House of Business \u2013 C1 Tower H-1051 Budapest, Sz\u00e9chenyi Istv\u00e1n t\u00e9r 7-8. Phone: +36 30 345 0191Email: office@komorhennel.huTax number: 19103417-2-41Attorney\u2019s Registration Number at the Hungarian Bar Association: 36061440Law Firm\u2019s Registration Number at the Budapest Bar Association: 4642 Send A Message \u00a0 Adatv\u00e9delmi ir\u00e1nyelvek \u00a9 2020 Komor Hennel Attorneys. All [&hellip;]<\/p>\n","protected":false},"author":1,"featured_media":0,"parent":0,"menu_order":0,"comment_status":"closed","ping_status":"closed","template":"full-width.php","meta":{"footnotes":""},"class_list":["post-8646","page","type-page","status-publish","hentry"],"yoast_head":"<!-- This site is optimized with the Yoast SEO plugin v27.4 - https:\/\/yoast.com\/product\/yoast-seo-wordpress\/ -->\n<title>Contact - Komor Hennel<\/title>\n<meta name=\"robots\" content=\"index, follow, max-snippet:-1, max-image-preview:large, max-video-preview:-1\" \/>\n<link rel=\"canonical\" href=\"https:\/\/komorhennel.hu\/en\/contact\/\" \/>\n<meta property=\"og:locale\" content=\"en_US\" \/>\n<meta property=\"og:type\" content=\"article\" \/>\n<meta property=\"og:title\" content=\"Contact - Komor Hennel\" \/>\n<meta property=\"og:description\" content=\"Komor Hennel Attorneys Roosevelt Irodah\u00e1z \u2013 House of Business \u2013 C1 Tower H-1051 Budapest, Sz\u00e9chenyi Istv\u00e1n t\u00e9r 7-8. Phone: +36 30 345 0191Email: office@komorhennel.huTax number: 19103417-2-41Attorney\u2019s Registration Number at the Hungarian Bar Association: 36061440Law Firm\u2019s Registration Number at the Budapest Bar Association: 4642 Send A Message \u00a0 Adatv\u00e9delmi ir\u00e1nyelvek \u00a9 2020 Komor Hennel Attorneys. All [&hellip;]\" \/>\n<meta property=\"og:url\" content=\"https:\/\/komorhennel.hu\/en\/contact\/\" \/>\n<meta property=\"og:site_name\" content=\"Komor Hennel\" \/>\n<meta property=\"article:modified_time\" content=\"2022-04-25T11:27:28+00:00\" \/>\n<meta property=\"og:image\" content=\"https:\/\/komorhennel.hu\/wp-content\/uploads\/2020\/04\/KHA_centered_blue.png\" \/>\n<meta name=\"twitter:card\" content=\"summary_large_image\" \/>\n<meta name=\"twitter:label1\" content=\"Est. reading time\" \/>\n\t<meta name=\"twitter:data1\" content=\"1 minute\" \/>\n<script type=\"application\/ld+json\" class=\"yoast-schema-graph\">{\"@context\":\"https:\\\/\\\/schema.org\",\"@graph\":[{\"@type\":\"WebPage\",\"@id\":\"https:\\\/\\\/komorhennel.hu\\\/en\\\/contact\\\/\",\"url\":\"https:\\\/\\\/komorhennel.hu\\\/en\\\/contact\\\/\",\"name\":\"Contact - Komor Hennel\",\"isPartOf\":{\"@id\":\"https:\\\/\\\/komorhennel.hu\\\/en\\\/#website\"},\"primaryImageOfPage\":{\"@id\":\"https:\\\/\\\/komorhennel.hu\\\/en\\\/contact\\\/#primaryimage\"},\"image\":{\"@id\":\"https:\\\/\\\/komorhennel.hu\\\/en\\\/contact\\\/#primaryimage\"},\"thumbnailUrl\":\"https:\\\/\\\/komorhennel.hu\\\/wp-content\\\/uploads\\\/2020\\\/04\\\/KHA_centered_blue.png\",\"datePublished\":\"2019-01-11T07:44:18+00:00\",\"dateModified\":\"2022-04-25T11:27:28+00:00\",\"breadcrumb\":{\"@id\":\"https:\\\/\\\/komorhennel.hu\\\/en\\\/contact\\\/#breadcrumb\"},\"inLanguage\":\"en-US\",\"potentialAction\":[{\"@type\":\"ReadAction\",\"target\":[\"https:\\\/\\\/komorhennel.hu\\\/en\\\/contact\\\/\"]}]},{\"@type\":\"ImageObject\",\"inLanguage\":\"en-US\",\"@id\":\"https:\\\/\\\/komorhennel.hu\\\/en\\\/contact\\\/#primaryimage\",\"url\":\"https:\\\/\\\/komorhennel.hu\\\/wp-content\\\/uploads\\\/2020\\\/04\\\/KHA_centered_blue.png\",\"contentUrl\":\"https:\\\/\\\/komorhennel.hu\\\/wp-content\\\/uploads\\\/2020\\\/04\\\/KHA_centered_blue.png\"},{\"@type\":\"BreadcrumbList\",\"@id\":\"https:\\\/\\\/komorhennel.hu\\\/en\\\/contact\\\/#breadcrumb\",\"itemListElement\":[{\"@type\":\"ListItem\",\"position\":1,\"name\":\"Home\",\"item\":\"https:\\\/\\\/komorhennel.hu\\\/en\\\/\"},{\"@type\":\"ListItem\",\"position\":2,\"name\":\"Contact\"}]},{\"@type\":\"WebSite\",\"@id\":\"https:\\\/\\\/komorhennel.hu\\\/en\\\/#website\",\"url\":\"https:\\\/\\\/komorhennel.hu\\\/en\\\/\",\"name\":\"Komor Hennel\",\"description\":\"Szellemi tulajdonjogra specializ\u00e1l\u00f3dott \u00fcgyv\u00e9di iroda\",\"publisher\":{\"@id\":\"https:\\\/\\\/komorhennel.hu\\\/en\\\/#organization\"},\"potentialAction\":[{\"@type\":\"SearchAction\",\"target\":{\"@type\":\"EntryPoint\",\"urlTemplate\":\"https:\\\/\\\/komorhennel.hu\\\/en\\\/?s={search_term_string}\"},\"query-input\":{\"@type\":\"PropertyValueSpecification\",\"valueRequired\":true,\"valueName\":\"search_term_string\"}}],\"inLanguage\":\"en-US\"},{\"@type\":\"Organization\",\"@id\":\"https:\\\/\\\/komorhennel.hu\\\/en\\\/#organization\",\"name\":\"Henneln\u00e9 dr. Komor Ildik\u00f3 \u00dcgyv\u00e9di Iroda\",\"url\":\"https:\\\/\\\/komorhennel.hu\\\/en\\\/\",\"logo\":{\"@type\":\"ImageObject\",\"inLanguage\":\"en-US\",\"@id\":\"https:\\\/\\\/komorhennel.hu\\\/en\\\/#\\\/schema\\\/logo\\\/image\\\/\",\"url\":\"https:\\\/\\\/komorhennel.hu\\\/wp-content\\\/uploads\\\/2020\\\/04\\\/KomorHennelAttorneys_blue_centered_redline191-1.png\",\"contentUrl\":\"https:\\\/\\\/komorhennel.hu\\\/wp-content\\\/uploads\\\/2020\\\/04\\\/KomorHennelAttorneys_blue_centered_redline191-1.png\",\"width\":1630,\"height\":853,\"caption\":\"Henneln\u00e9 dr. Komor Ildik\u00f3 \u00dcgyv\u00e9di Iroda\"},\"image\":{\"@id\":\"https:\\\/\\\/komorhennel.hu\\\/en\\\/#\\\/schema\\\/logo\\\/image\\\/\"},\"sameAs\":[\"https:\\\/\\\/www.linkedin.com\\\/company\\\/komor-hennel-attorneys\\\/\"]}]}<\/script>\n<!-- \/ Yoast SEO plugin. -->","yoast_head_json":{"title":"Contact - Komor Hennel","robots":{"index":"index","follow":"follow","max-snippet":"max-snippet:-1","max-image-preview":"max-image-preview:large","max-video-preview":"max-video-preview:-1"},"canonical":"https:\/\/komorhennel.hu\/en\/contact\/","og_locale":"en_US","og_type":"article","og_title":"Contact - Komor Hennel","og_description":"Komor Hennel Attorneys Roosevelt Irodah\u00e1z \u2013 House of Business \u2013 C1 Tower H-1051 Budapest, Sz\u00e9chenyi Istv\u00e1n t\u00e9r 7-8. Phone: +36 30 345 0191Email: office@komorhennel.huTax number: 19103417-2-41Attorney\u2019s Registration Number at the Hungarian Bar Association: 36061440Law Firm\u2019s Registration Number at the Budapest Bar Association: 4642 Send A Message \u00a0 Adatv\u00e9delmi ir\u00e1nyelvek \u00a9 2020 Komor Hennel Attorneys. All [&hellip;]","og_url":"https:\/\/komorhennel.hu\/en\/contact\/","og_site_name":"Komor Hennel","article_modified_time":"2022-04-25T11:27:28+00:00","og_image":[{"url":"https:\/\/komorhennel.hu\/wp-content\/uploads\/2020\/04\/KHA_centered_blue.png","type":"","width":"","height":""}],"twitter_card":"summary_large_image","twitter_misc":{"Est. reading time":"1 minute"},"schema":{"@context":"https:\/\/schema.org","@graph":[{"@type":"WebPage","@id":"https:\/\/komorhennel.hu\/en\/contact\/","url":"https:\/\/komorhennel.hu\/en\/contact\/","name":"Contact - Komor Hennel","isPartOf":{"@id":"https:\/\/komorhennel.hu\/en\/#website"},"primaryImageOfPage":{"@id":"https:\/\/komorhennel.hu\/en\/contact\/#primaryimage"},"image":{"@id":"https:\/\/komorhennel.hu\/en\/contact\/#primaryimage"},"thumbnailUrl":"https:\/\/komorhennel.hu\/wp-content\/uploads\/2020\/04\/KHA_centered_blue.png","datePublished":"2019-01-11T07:44:18+00:00","dateModified":"2022-04-25T11:27:28+00:00","breadcrumb":{"@id":"https:\/\/komorhennel.hu\/en\/contact\/#breadcrumb"},"inLanguage":"en-US","potentialAction":[{"@type":"ReadAction","target":["https:\/\/komorhennel.hu\/en\/contact\/"]}]},{"@type":"ImageObject","inLanguage":"en-US","@id":"https:\/\/komorhennel.hu\/en\/contact\/#primaryimage","url":"https:\/\/komorhennel.hu\/wp-content\/uploads\/2020\/04\/KHA_centered_blue.png","contentUrl":"https:\/\/komorhennel.hu\/wp-content\/uploads\/2020\/04\/KHA_centered_blue.png"},{"@type":"BreadcrumbList","@id":"https:\/\/komorhennel.hu\/en\/contact\/#breadcrumb","itemListElement":[{"@type":"ListItem","position":1,"name":"Home","item":"https:\/\/komorhennel.hu\/en\/"},{"@type":"ListItem","position":2,"name":"Contact"}]},{"@type":"WebSite","@id":"https:\/\/komorhennel.hu\/en\/#website","url":"https:\/\/komorhennel.hu\/en\/","name":"Komor Hennel","description":"Szellemi tulajdonjogra specializ\u00e1l\u00f3dott \u00fcgyv\u00e9di iroda","publisher":{"@id":"https:\/\/komorhennel.hu\/en\/#organization"},"potentialAction":[{"@type":"SearchAction","target":{"@type":"EntryPoint","urlTemplate":"https:\/\/komorhennel.hu\/en\/?s={search_term_string}"},"query-input":{"@type":"PropertyValueSpecification","valueRequired":true,"valueName":"search_term_string"}}],"inLanguage":"en-US"},{"@type":"Organization","@id":"https:\/\/komorhennel.hu\/en\/#organization","name":"Henneln\u00e9 dr. Komor Ildik\u00f3 \u00dcgyv\u00e9di Iroda","url":"https:\/\/komorhennel.hu\/en\/","logo":{"@type":"ImageObject","inLanguage":"en-US","@id":"https:\/\/komorhennel.hu\/en\/#\/schema\/logo\/image\/","url":"https:\/\/komorhennel.hu\/wp-content\/uploads\/2020\/04\/KomorHennelAttorneys_blue_centered_redline191-1.png","contentUrl":"https:\/\/komorhennel.hu\/wp-content\/uploads\/2020\/04\/KomorHennelAttorneys_blue_centered_redline191-1.png","width":1630,"height":853,"caption":"Henneln\u00e9 dr. Komor Ildik\u00f3 \u00dcgyv\u00e9di Iroda"},"image":{"@id":"https:\/\/komorhennel.hu\/en\/#\/schema\/logo\/image\/"},"sameAs":["https:\/\/www.linkedin.com\/company\/komor-hennel-attorneys\/"]}]}},"_links":{"self":[{"href":"https:\/\/komorhennel.hu\/en\/wp-json\/wp\/v2\/pages\/8646","targetHints":{"allow":["GET"]}}],"collection":[{"href":"https:\/\/komorhennel.hu\/en\/wp-json\/wp\/v2\/pages"}],"about":[{"href":"https:\/\/komorhennel.hu\/en\/wp-json\/wp\/v2\/types\/page"}],"author":[{"embeddable":true,"href":"https:\/\/komorhennel.hu\/en\/wp-json\/wp\/v2\/users\/1"}],"replies":[{"embeddable":true,"href":"https:\/\/komorhennel.hu\/en\/wp-json\/wp\/v2\/comments?post=8646"}],"version-history":[{"count":0,"href":"https:\/\/komorhennel.hu\/en\/wp-json\/wp\/v2\/pages\/8646\/revisions"}],"wp:attachment":[{"href":"https:\/\/komorhennel.hu\/en\/wp-json\/wp\/v2\/media?parent=8646"}],"curies":[{"name":"wp","href":"https:\/\/api.w.org\/{rel}","templated":true}]}}