{"id":9252,"date":"2018-12-26T07:06:16","date_gmt":"2018-12-26T06:06:16","guid":{"rendered":"https:\/\/komorhennel.hu\/blog\/"},"modified":"2020-04-20T14:00:17","modified_gmt":"2020-04-20T12:00:17","slug":"blog","status":"publish","type":"page","link":"https:\/\/komorhennel.hu\/en\/blog\/","title":{"rendered":"Blog"},"content":{"rendered":"\t\t<div data-elementor-type=\"wp-post\" data-elementor-id=\"9252\" class=\"elementor elementor-9252 elementor-191\">\n\t\t\t\t\t\t<section class=\"elementor-section elementor-top-section elementor-element elementor-element-1369724d elementor-section-boxed elementor-section-height-default elementor-section-height-default\" data-id=\"1369724d\" data-element_type=\"section\" data-e-type=\"section\">\n\t\t\t\t\t\t<div class=\"elementor-container elementor-column-gap-default\">\n\t\t\t\t\t<div class=\"elementor-column elementor-col-100 elementor-top-column elementor-element elementor-element-459ab811\" data-id=\"459ab811\" data-element_type=\"column\" data-e-type=\"column\">\n\t\t\t<div class=\"elementor-widget-wrap elementor-element-populated\">\n\t\t\t\t\t\t<div class=\"elementor-element elementor-element-37c360a post_has_media_content-yes elementor-widget elementor-widget-gt3-core-blog\" data-id=\"37c360a\" data-element_type=\"widget\" data-e-type=\"widget\" data-widget_type=\"gt3-core-blog.default\">\n\t\t\t\t<div class=\"elementor-widget-container\">\n\t\t\t\t\t<script type=\"application\/json\" id=\"settings--37c360a\">{\"packery\":false,\"isotope_settings\":{\"layoutMode\":\"masonry\"}}<\/script>\t<div class=\"gt3_module_blog items1  items_type2\">\r\n\t\t\t\t<div class=\"blog_post_preview isotope_item isotope-item  format-standard-image intellectual-property packery_blog_item_1  \">\r\n                        <div class=\"item_wrapper\" >\r\n                            <div class=\"blog_content\"><div class=\"gt3_post_media_block\"><div class=\"blog_post_media\"><img decoding=\"async\" src=\"https:\/\/komorhennel.hu\/wp-content\/uploads\/2024\/04\/blog_240418_02_1280x720_02.jpg\" alt=\"\" \/><\/div><\/div><div class=\"gt3_post_content_block\"><div class=\"gt3_page_title_cats\"><span class=\"post_category\"><a href=\"https:\/\/komorhennel.hu\/en\/category\/intellectual-property\/\" rel=\"category tag\">Intellectual property<\/a><\/span><\/div><h2 class=\"blogpost_title\"><a href=\"https:\/\/komorhennel.hu\/en\/redesigning-changes-in-ip-designs-in-hungary-cee-legal-matters\/\">Redesigning \u2013 Changes in IP Designs in Hungary (CEE Legal Matters)<\/a><\/h2><div class=\"listing_meta_wrap\"><div class=\"listing_meta\"><span class=\"post_author\">by <a href=\"https:\/\/komorhennel.hu\/en\/author\/komor5\/\">Dr. Ildik\u00f3 Komor Hennel and Dr. Borb\u00e1la Lili Kov\u00e1ts<\/a><\/span><span class=\"post_category\"><a href=\"https:\/\/komorhennel.hu\/en\/category\/intellectual-property\/\" rel=\"category tag\">Intellectual property<\/a><\/span><\/div><\/div><div class=\"blog_item_description\">Our article was published in the April issue of CEE Legal Matters 2024, where we introduced the...<\/div><div class=\"clear post_clear\"><\/div><div class=\"gt3_post_footer\"><div class=\"gt3_module_button_list\"><a href=\"https:\/\/komorhennel.hu\/en\/redesigning-changes-in-ip-designs-in-hungary-cee-legal-matters\/\">READ MORE<\/a><\/div><div class=\"clear\"><\/div><\/div><\/div><\/div>\r\n\t\t\t\t\t\t<\/div>\r\n\t\t\t\t\t<\/div>\r\n\t\t\t\t\t<div class=\"blog_post_preview isotope_item isotope-item  format-standard-image intellectual-property packery_blog_item_2  \">\r\n                        <div class=\"item_wrapper\" >\r\n                            <div class=\"blog_content\"><div class=\"gt3_post_media_block\"><div class=\"blog_post_media\"><img decoding=\"async\" src=\"https:\/\/komorhennel.hu\/wp-content\/uploads\/2023\/04\/phone_20230414_01_1280x720.jpg\" alt=\"\" \/><\/div><\/div><div class=\"gt3_post_content_block\"><div class=\"gt3_page_title_cats\"><span class=\"post_category\"><a href=\"https:\/\/komorhennel.hu\/en\/category\/intellectual-property\/\" rel=\"category tag\">Intellectual property<\/a><\/span><\/div><h2 class=\"blogpost_title\"><a href=\"https:\/\/komorhennel.hu\/en\/ujdonsagok-az-eu-design-oltalom-szabalyozasaban\/\">New Developments in EU Design Protection Regulation<\/a><\/h2><div class=\"listing_meta_wrap\"><div class=\"listing_meta\"><span class=\"post_author\">by <a href=\"https:\/\/komorhennel.hu\/en\/author\/klilla\/\">dr. Kalm\u00e1r Lilla<\/a><\/span><span class=\"post_category\"><a href=\"https:\/\/komorhennel.hu\/en\/category\/intellectual-property\/\" rel=\"category tag\">Intellectual property<\/a><\/span><\/div><\/div><div class=\"blog_item_description\">Comprehensive protection for the external appearance of products in the virtual world, 3D...<\/div><div class=\"clear post_clear\"><\/div><div class=\"gt3_post_footer\"><div class=\"gt3_module_button_list\"><a href=\"https:\/\/komorhennel.hu\/en\/ujdonsagok-az-eu-design-oltalom-szabalyozasaban\/\">READ MORE<\/a><\/div><div class=\"clear\"><\/div><\/div><\/div><\/div>\r\n\t\t\t\t\t\t<\/div>\r\n\t\t\t\t\t<\/div>\r\n\t\t\t\t\t<div class=\"blog_post_preview isotope_item isotope-item  format-standard-image intellectual-property packery_blog_item_3  \">\r\n                        <div class=\"item_wrapper\" >\r\n                            <div class=\"blog_content\"><div class=\"gt3_post_media_block\"><div class=\"blog_post_media\"><img decoding=\"async\" src=\"https:\/\/komorhennel.hu\/wp-content\/uploads\/2023\/02\/shark230228_1280x720.jpg\" alt=\"\" \/><\/div><\/div><div class=\"gt3_post_content_block\"><div class=\"gt3_page_title_cats\"><span class=\"post_category\"><a href=\"https:\/\/komorhennel.hu\/en\/category\/intellectual-property\/\" rel=\"category tag\">Intellectual property<\/a><\/span><\/div><h2 class=\"blogpost_title\"><a href=\"https:\/\/komorhennel.hu\/en\/10-valuable-tips-to-protect-your-legal-rights-before-you-dive-in-with-the-sharks\/\">10 valuable tips to protect your legal rights \u2026 before you dive in with the sharks<\/a><\/h2><div class=\"listing_meta_wrap\"><div class=\"listing_meta\"><span class=\"post_author\">by <a href=\"https:\/\/komorhennel.hu\/en\/author\/komor2\/\">Henneln\u00e9 dr. Komor Ildik\u00f3 \u00e9s dr. Kov\u00e1ts Borb\u00e1la Lili<\/a><\/span><span class=\"post_category\"><a href=\"https:\/\/komorhennel.hu\/en\/category\/intellectual-property\/\" rel=\"category tag\">Intellectual property<\/a><\/span><\/div><\/div><div class=\"blog_item_description\">1. Protect your valuable intellectual creations in order to obtain exclusive protection, or else...<\/div><div class=\"clear post_clear\"><\/div><div class=\"gt3_post_footer\"><div class=\"gt3_module_button_list\"><a href=\"https:\/\/komorhennel.hu\/en\/10-valuable-tips-to-protect-your-legal-rights-before-you-dive-in-with-the-sharks\/\">READ MORE<\/a><\/div><div class=\"clear\"><\/div><\/div><\/div><\/div>\r\n\t\t\t\t\t\t<\/div>\r\n\t\t\t\t\t<\/div>\r\n\t\t\t\t\t<div class=\"blog_post_preview isotope_item isotope-item  format-standard-image consumer-protection packery_blog_item_4  \">\r\n                        <div class=\"item_wrapper\" >\r\n                            <div class=\"blog_content\"><div class=\"gt3_post_media_block\"><div class=\"blog_post_media\"><img decoding=\"async\" src=\"https:\/\/komorhennel.hu\/wp-content\/uploads\/2022\/10\/jogsert_web_01_1280x720_03.jpg\" alt=\"\" \/><\/div><\/div><div class=\"gt3_post_content_block\"><div class=\"gt3_page_title_cats\"><span class=\"post_category\"><a href=\"https:\/\/komorhennel.hu\/en\/category\/consumer-protection\/\" rel=\"category tag\">Consumer protection<\/a><\/span><\/div><h2 class=\"blogpost_title\"><a href=\"https:\/\/komorhennel.hu\/en\/the-legal-contents-of-your-shopping-basket-all-you-need-to-know-about-the-database-of-infringing-webshops\/\">The legal contents of your shopping basket &#8211; all you need to know about the Database of Infringing Webshops<\/a><\/h2><div class=\"listing_meta_wrap\"><div class=\"listing_meta\"><span class=\"post_author\">by <a href=\"https:\/\/komorhennel.hu\/en\/author\/klilla\/\">dr. Kalm\u00e1r Lilla<\/a><\/span><span class=\"post_category\"><a href=\"https:\/\/komorhennel.hu\/en\/category\/consumer-protection\/\" rel=\"category tag\">Consumer protection<\/a><\/span><\/div><\/div><div class=\"blog_item_description\">Online shopping has been on the rise in Hungary over the past decade and, following the Covid...<\/div><div class=\"clear post_clear\"><\/div><div class=\"gt3_post_footer\"><div class=\"gt3_module_button_list\"><a href=\"https:\/\/komorhennel.hu\/en\/the-legal-contents-of-your-shopping-basket-all-you-need-to-know-about-the-database-of-infringing-webshops\/\">READ MORE<\/a><\/div><div class=\"clear\"><\/div><\/div><\/div><\/div>\r\n\t\t\t\t\t\t<\/div>\r\n\t\t\t\t\t<\/div>\r\n\t\t\t\t\t<div class=\"blog_post_preview isotope_item isotope-item  format-standard-image trademarks packery_blog_item_5  \">\r\n                        <div class=\"item_wrapper\" >\r\n                            <div class=\"blog_content\"><div class=\"gt3_post_media_block\"><div class=\"blog_post_media\"><img decoding=\"async\" src=\"https:\/\/komorhennel.hu\/wp-content\/uploads\/2022\/06\/blog220609_01_1280x720.jpg\" alt=\"\" \/><\/div><\/div><div class=\"gt3_post_content_block\"><div class=\"gt3_page_title_cats\"><span class=\"post_category\"><a href=\"https:\/\/komorhennel.hu\/en\/category\/trademarks\/\" rel=\"category tag\">Trademarks<\/a><\/span><\/div><h2 class=\"blogpost_title\"><a href=\"https:\/\/komorhennel.hu\/en\/i-want-a-worldwide-trademark\/\">I want a worldwide trademark!<\/a><\/h2><div class=\"listing_meta_wrap\"><div class=\"listing_meta\"><span class=\"post_author\">by <a href=\"https:\/\/komorhennel.hu\/en\/author\/kbori\/\">dr. Kov\u00e1ts Borb\u00e1la Lili<\/a><\/span><span class=\"post_category\"><a href=\"https:\/\/komorhennel.hu\/en\/category\/trademarks\/\" rel=\"category tag\">Trademarks<\/a><\/span><\/div><\/div><div class=\"blog_item_description\">The advantages and pitfalls of creating an international trademark portfolio\n\n\n\nMany clients...<\/div><div class=\"clear post_clear\"><\/div><div class=\"gt3_post_footer\"><div class=\"gt3_module_button_list\"><a href=\"https:\/\/komorhennel.hu\/en\/i-want-a-worldwide-trademark\/\">READ MORE<\/a><\/div><div class=\"clear\"><\/div><\/div><\/div><\/div>\r\n\t\t\t\t\t\t<\/div>\r\n\t\t\t\t\t<\/div>\r\n\t\t\t\t\t<div class=\"blog_post_preview isotope_item isotope-item  format-standard-image trademarks packery_blog_item_6  \">\r\n                        <div class=\"item_wrapper\" >\r\n                            <div class=\"blog_content\"><div class=\"gt3_post_media_block\"><div class=\"blog_post_media\"><img decoding=\"async\" src=\"https:\/\/komorhennel.hu\/wp-content\/uploads\/2022\/06\/blog220610_01_1280x720.jpg\" alt=\"\" \/><\/div><\/div><div class=\"gt3_post_content_block\"><div class=\"gt3_page_title_cats\"><span class=\"post_category\"><a href=\"https:\/\/komorhennel.hu\/en\/category\/trademarks\/\" rel=\"category tag\">Trademarks<\/a><\/span><\/div><h2 class=\"blogpost_title\"><a href=\"https:\/\/komorhennel.hu\/en\/keyword-advertising-as-trademark-infringement\/\">Keyword advertising as trademark infringement<\/a><\/h2><div class=\"listing_meta_wrap\"><div class=\"listing_meta\"><span class=\"post_author\">by <a href=\"https:\/\/komorhennel.hu\/en\/author\/komor-hennel-attorneys\/\">Komor Hennel Attorneys<\/a><\/span><span class=\"post_category\"><a href=\"https:\/\/komorhennel.hu\/en\/category\/trademarks\/\" rel=\"category tag\">Trademarks<\/a><\/span><\/div><\/div><div class=\"blog_item_description\">Is using a competitor\u2019s trademark as a Google Ads keyword for one\u2019s online campaign just a smart...<\/div><div class=\"clear post_clear\"><\/div><div class=\"gt3_post_footer\"><div class=\"gt3_module_button_list\"><a href=\"https:\/\/komorhennel.hu\/en\/keyword-advertising-as-trademark-infringement\/\">READ MORE<\/a><\/div><div class=\"clear\"><\/div><\/div><\/div><\/div>\r\n\t\t\t\t\t\t<\/div>\r\n\t\t\t\t\t<\/div>\r\n\t\t\t\t\t<ul class=\"pagerblock\"><li><a href='https:\/\/komorhennel.hu\/en\/wp-json\/wp\/v2\/pages\/9252\/' class='current'>1<\/a><\/li><li><a href='https:\/\/komorhennel.hu\/en\/wp-json\/wp\/v2\/pages\/9252\/page\/2\/'>2<\/a><\/li><li><a href='https:\/\/komorhennel.hu\/en\/wp-json\/wp\/v2\/pages\/9252\/page\/3\/'>3<\/a><\/li><li class=\"next_page\"><a href=\"https:\/\/komorhennel.hu\/en\/wp-json\/wp\/v2\/pages\/9252\/page\/2\/\"><i class=\"fa fa-angle-right\"><\/i><\/a><\/li><\/ul>\t<\/div>\r\n\t\t\t\t<\/div>\n\t\t\t\t<\/div>\n\t\t\t\t\t<\/div>\n\t\t<\/div>\n\t\t\t\t\t<\/div>\n\t\t<\/section>\n\t\t\t\t<\/div>\n\t\t","protected":false},"excerpt":{"rendered":"<p>Uncategorized Self-driving cars: Code vs. Human instinct by Dr. Barta N\u00e1ndorUncategorized When it comes down to fully autonomous vehicles, the biggest obstacle manufacturers have to&#8230;READ MORE<\/p>\n","protected":false},"author":1,"featured_media":8403,"parent":0,"menu_order":0,"comment_status":"closed","ping_status":"closed","template":"","meta":{"footnotes":""},"class_list":["post-9252","page","type-page","status-publish","has-post-thumbnail","hentry"],"yoast_head":"<!-- This site is optimized with the Yoast SEO plugin v27.3 - https:\/\/yoast.com\/product\/yoast-seo-wordpress\/ -->\n<title>Blog - Komor Hennel<\/title>\n<meta name=\"robots\" content=\"index, follow, max-snippet:-1, max-image-preview:large, max-video-preview:-1\" \/>\n<link rel=\"canonical\" href=\"https:\/\/komorhennel.hu\/en\/blog\/\" \/>\n<meta property=\"og:locale\" content=\"en_US\" \/>\n<meta property=\"og:type\" content=\"article\" \/>\n<meta property=\"og:title\" content=\"Blog - Komor Hennel\" \/>\n<meta property=\"og:description\" content=\"Uncategorized Self-driving cars: Code vs. Human instinct by Dr. Barta N\u00e1ndorUncategorized When it comes down to fully autonomous vehicles, the biggest obstacle manufacturers have to&#8230;READ MORE\" \/>\n<meta property=\"og:url\" content=\"https:\/\/komorhennel.hu\/en\/blog\/\" \/>\n<meta property=\"og:site_name\" content=\"Komor Hennel\" \/>\n<meta property=\"article:modified_time\" content=\"2020-04-20T12:00:17+00:00\" \/>\n<meta property=\"og:image\" content=\"https:\/\/komorhennel.hu\/wp-content\/uploads\/2020\/03\/blog.jpg\" \/>\n\t<meta property=\"og:image:width\" content=\"1920\" \/>\n\t<meta property=\"og:image:height\" content=\"745\" \/>\n\t<meta property=\"og:image:type\" content=\"image\/jpeg\" \/>\n<meta name=\"twitter:card\" content=\"summary_large_image\" \/>\n<script type=\"application\/ld+json\" class=\"yoast-schema-graph\">{\"@context\":\"https:\\\/\\\/schema.org\",\"@graph\":[{\"@type\":\"WebPage\",\"@id\":\"https:\\\/\\\/komorhennel.hu\\\/en\\\/blog\\\/\",\"url\":\"https:\\\/\\\/komorhennel.hu\\\/en\\\/blog\\\/\",\"name\":\"Blog - Komor Hennel\",\"isPartOf\":{\"@id\":\"https:\\\/\\\/komorhennel.hu\\\/en\\\/#website\"},\"primaryImageOfPage\":{\"@id\":\"https:\\\/\\\/komorhennel.hu\\\/en\\\/blog\\\/#primaryimage\"},\"image\":{\"@id\":\"https:\\\/\\\/komorhennel.hu\\\/en\\\/blog\\\/#primaryimage\"},\"thumbnailUrl\":\"https:\\\/\\\/komorhennel.hu\\\/wp-content\\\/uploads\\\/2020\\\/03\\\/blog.jpg\",\"datePublished\":\"2018-12-26T06:06:16+00:00\",\"dateModified\":\"2020-04-20T12:00:17+00:00\",\"breadcrumb\":{\"@id\":\"https:\\\/\\\/komorhennel.hu\\\/en\\\/blog\\\/#breadcrumb\"},\"inLanguage\":\"en-US\",\"potentialAction\":[{\"@type\":\"ReadAction\",\"target\":[\"https:\\\/\\\/komorhennel.hu\\\/en\\\/blog\\\/\"]}]},{\"@type\":\"ImageObject\",\"inLanguage\":\"en-US\",\"@id\":\"https:\\\/\\\/komorhennel.hu\\\/en\\\/blog\\\/#primaryimage\",\"url\":\"https:\\\/\\\/komorhennel.hu\\\/wp-content\\\/uploads\\\/2020\\\/03\\\/blog.jpg\",\"contentUrl\":\"https:\\\/\\\/komorhennel.hu\\\/wp-content\\\/uploads\\\/2020\\\/03\\\/blog.jpg\",\"width\":1920,\"height\":745,\"caption\":\"Blog\"},{\"@type\":\"BreadcrumbList\",\"@id\":\"https:\\\/\\\/komorhennel.hu\\\/en\\\/blog\\\/#breadcrumb\",\"itemListElement\":[{\"@type\":\"ListItem\",\"position\":1,\"name\":\"Home\",\"item\":\"https:\\\/\\\/komorhennel.hu\\\/en\\\/\"},{\"@type\":\"ListItem\",\"position\":2,\"name\":\"Blog\"}]},{\"@type\":\"WebSite\",\"@id\":\"https:\\\/\\\/komorhennel.hu\\\/en\\\/#website\",\"url\":\"https:\\\/\\\/komorhennel.hu\\\/en\\\/\",\"name\":\"Komor Hennel\",\"description\":\"Szellemi tulajdonjogra specializ\u00e1l\u00f3dott \u00fcgyv\u00e9di iroda\",\"publisher\":{\"@id\":\"https:\\\/\\\/komorhennel.hu\\\/en\\\/#organization\"},\"potentialAction\":[{\"@type\":\"SearchAction\",\"target\":{\"@type\":\"EntryPoint\",\"urlTemplate\":\"https:\\\/\\\/komorhennel.hu\\\/en\\\/?s={search_term_string}\"},\"query-input\":{\"@type\":\"PropertyValueSpecification\",\"valueRequired\":true,\"valueName\":\"search_term_string\"}}],\"inLanguage\":\"en-US\"},{\"@type\":\"Organization\",\"@id\":\"https:\\\/\\\/komorhennel.hu\\\/en\\\/#organization\",\"name\":\"Henneln\u00e9 dr. Komor Ildik\u00f3 \u00dcgyv\u00e9di Iroda\",\"url\":\"https:\\\/\\\/komorhennel.hu\\\/en\\\/\",\"logo\":{\"@type\":\"ImageObject\",\"inLanguage\":\"en-US\",\"@id\":\"https:\\\/\\\/komorhennel.hu\\\/en\\\/#\\\/schema\\\/logo\\\/image\\\/\",\"url\":\"https:\\\/\\\/komorhennel.hu\\\/wp-content\\\/uploads\\\/2020\\\/04\\\/KomorHennelAttorneys_blue_centered_redline191-1.png\",\"contentUrl\":\"https:\\\/\\\/komorhennel.hu\\\/wp-content\\\/uploads\\\/2020\\\/04\\\/KomorHennelAttorneys_blue_centered_redline191-1.png\",\"width\":1630,\"height\":853,\"caption\":\"Henneln\u00e9 dr. Komor Ildik\u00f3 \u00dcgyv\u00e9di Iroda\"},\"image\":{\"@id\":\"https:\\\/\\\/komorhennel.hu\\\/en\\\/#\\\/schema\\\/logo\\\/image\\\/\"},\"sameAs\":[\"https:\\\/\\\/www.linkedin.com\\\/company\\\/komor-hennel-attorneys\\\/\"]}]}<\/script>\n<!-- \/ Yoast SEO plugin. -->","yoast_head_json":{"title":"Blog - Komor Hennel","robots":{"index":"index","follow":"follow","max-snippet":"max-snippet:-1","max-image-preview":"max-image-preview:large","max-video-preview":"max-video-preview:-1"},"canonical":"https:\/\/komorhennel.hu\/en\/blog\/","og_locale":"en_US","og_type":"article","og_title":"Blog - Komor Hennel","og_description":"Uncategorized Self-driving cars: Code vs. Human instinct by Dr. Barta N\u00e1ndorUncategorized When it comes down to fully autonomous vehicles, the biggest obstacle manufacturers have to&#8230;READ MORE","og_url":"https:\/\/komorhennel.hu\/en\/blog\/","og_site_name":"Komor Hennel","article_modified_time":"2020-04-20T12:00:17+00:00","og_image":[{"width":1920,"height":745,"url":"https:\/\/komorhennel.hu\/wp-content\/uploads\/2020\/03\/blog.jpg","type":"image\/jpeg"}],"twitter_card":"summary_large_image","schema":{"@context":"https:\/\/schema.org","@graph":[{"@type":"WebPage","@id":"https:\/\/komorhennel.hu\/en\/blog\/","url":"https:\/\/komorhennel.hu\/en\/blog\/","name":"Blog - Komor Hennel","isPartOf":{"@id":"https:\/\/komorhennel.hu\/en\/#website"},"primaryImageOfPage":{"@id":"https:\/\/komorhennel.hu\/en\/blog\/#primaryimage"},"image":{"@id":"https:\/\/komorhennel.hu\/en\/blog\/#primaryimage"},"thumbnailUrl":"https:\/\/komorhennel.hu\/wp-content\/uploads\/2020\/03\/blog.jpg","datePublished":"2018-12-26T06:06:16+00:00","dateModified":"2020-04-20T12:00:17+00:00","breadcrumb":{"@id":"https:\/\/komorhennel.hu\/en\/blog\/#breadcrumb"},"inLanguage":"en-US","potentialAction":[{"@type":"ReadAction","target":["https:\/\/komorhennel.hu\/en\/blog\/"]}]},{"@type":"ImageObject","inLanguage":"en-US","@id":"https:\/\/komorhennel.hu\/en\/blog\/#primaryimage","url":"https:\/\/komorhennel.hu\/wp-content\/uploads\/2020\/03\/blog.jpg","contentUrl":"https:\/\/komorhennel.hu\/wp-content\/uploads\/2020\/03\/blog.jpg","width":1920,"height":745,"caption":"Blog"},{"@type":"BreadcrumbList","@id":"https:\/\/komorhennel.hu\/en\/blog\/#breadcrumb","itemListElement":[{"@type":"ListItem","position":1,"name":"Home","item":"https:\/\/komorhennel.hu\/en\/"},{"@type":"ListItem","position":2,"name":"Blog"}]},{"@type":"WebSite","@id":"https:\/\/komorhennel.hu\/en\/#website","url":"https:\/\/komorhennel.hu\/en\/","name":"Komor Hennel","description":"Szellemi tulajdonjogra specializ\u00e1l\u00f3dott \u00fcgyv\u00e9di iroda","publisher":{"@id":"https:\/\/komorhennel.hu\/en\/#organization"},"potentialAction":[{"@type":"SearchAction","target":{"@type":"EntryPoint","urlTemplate":"https:\/\/komorhennel.hu\/en\/?s={search_term_string}"},"query-input":{"@type":"PropertyValueSpecification","valueRequired":true,"valueName":"search_term_string"}}],"inLanguage":"en-US"},{"@type":"Organization","@id":"https:\/\/komorhennel.hu\/en\/#organization","name":"Henneln\u00e9 dr. Komor Ildik\u00f3 \u00dcgyv\u00e9di Iroda","url":"https:\/\/komorhennel.hu\/en\/","logo":{"@type":"ImageObject","inLanguage":"en-US","@id":"https:\/\/komorhennel.hu\/en\/#\/schema\/logo\/image\/","url":"https:\/\/komorhennel.hu\/wp-content\/uploads\/2020\/04\/KomorHennelAttorneys_blue_centered_redline191-1.png","contentUrl":"https:\/\/komorhennel.hu\/wp-content\/uploads\/2020\/04\/KomorHennelAttorneys_blue_centered_redline191-1.png","width":1630,"height":853,"caption":"Henneln\u00e9 dr. Komor Ildik\u00f3 \u00dcgyv\u00e9di Iroda"},"image":{"@id":"https:\/\/komorhennel.hu\/en\/#\/schema\/logo\/image\/"},"sameAs":["https:\/\/www.linkedin.com\/company\/komor-hennel-attorneys\/"]}]}},"_links":{"self":[{"href":"https:\/\/komorhennel.hu\/en\/wp-json\/wp\/v2\/pages\/9252","targetHints":{"allow":["GET"]}}],"collection":[{"href":"https:\/\/komorhennel.hu\/en\/wp-json\/wp\/v2\/pages"}],"about":[{"href":"https:\/\/komorhennel.hu\/en\/wp-json\/wp\/v2\/types\/page"}],"author":[{"embeddable":true,"href":"https:\/\/komorhennel.hu\/en\/wp-json\/wp\/v2\/users\/1"}],"replies":[{"embeddable":true,"href":"https:\/\/komorhennel.hu\/en\/wp-json\/wp\/v2\/comments?post=9252"}],"version-history":[{"count":0,"href":"https:\/\/komorhennel.hu\/en\/wp-json\/wp\/v2\/pages\/9252\/revisions"}],"wp:featuredmedia":[{"embeddable":true,"href":"https:\/\/komorhennel.hu\/en\/wp-json\/wp\/v2\/media\/8403"}],"wp:attachment":[{"href":"https:\/\/komorhennel.hu\/en\/wp-json\/wp\/v2\/media?parent=9252"}],"curies":[{"name":"wp","href":"https:\/\/api.w.org\/{rel}","templated":true}]}}